{"id":10,"date":"2018-08-15T11:41:39","date_gmt":"2018-08-15T09:41:39","guid":{"rendered":"http:\/\/www.psychiaterin-zimprich.at\/?page_id=10"},"modified":"2018-09-08T13:02:05","modified_gmt":"2018-09-08T11:02:05","slug":"kontakt","status":"publish","type":"page","link":"http:\/\/www.psychiaterin-zimprich.at\/?page_id=10","title":{"rendered":"Anfahrt"},"content":{"rendered":"<p>\u00d6ffentliche Verkehrsmittel:<br \/>\nU6 Station Alser Stra\u00dfe oder Michelbeuern-AKH,<br \/>\nLinie 43 (Alser Stra\u00dfe oder\u00a0Palffygasse).<\/p>\n<p>PKW:<br \/>\nEs besteht eine Kurzparkzone im 17. und 18. Bezirk.<br \/>\nParkdauer: drei Stunden,<br \/>\nMontag bis Freitag: von 9 bis 19 Uhr.<\/p>\n<p>Garagen in der N\u00e4he:<br \/>\nInterspar Garage Hernals,\u00a0J\u00f6rgerstra\u00dfe 24, 1170 Wien<\/p>\n<p>Die Ordination befindet sich im 1. Stock.<br \/>\nEin Aufzug ist vorhanden,<br \/>\nf\u00fcr einige Treppen im Eingangsbereich steht<br \/>\nein Treppenlift bereit.<\/p>\n<p>&nbsp;<\/p>\n","protected":false},"excerpt":{"rendered":"<p>\u00d6ffentliche Verkehrsmittel: U6 Station Alser Stra\u00dfe oder Michelbeuern-AKH, Linie 43 (Alser Stra\u00dfe oder\u00a0Palffygasse). PKW: Es besteht eine Kurzparkzone im 17. und 18. Bezirk. Parkdauer: drei Stunden, Montag bis Freitag: von 9 bis 19 Uhr. Garagen in der N\u00e4he: Interspar Garage Hernals,\u00a0J\u00f6rgerstra\u00dfe 24, 1170 Wien Die Ordination befindet sich im 1. Stock. Ein Aufzug ist vorhanden, &hellip; <\/p>\n<p class=\"link-more\"><a href=\"http:\/\/www.psychiaterin-zimprich.at\/?page_id=10\" class=\"more-link\"><span class=\"screen-reader-text\">\u201eAnfahrt\u201c<\/span> weiterlesen<\/a><\/p>\n","protected":false},"author":1,"featured_media":0,"parent":0,"menu_order":0,"comment_status":"closed","ping_status":"closed","template":"","meta":{"footnotes":""},"class_list":["post-10","page","type-page","status-publish","hentry"],"_links":{"self":[{"href":"http:\/\/www.psychiaterin-zimprich.at\/index.php?rest_route=\/wp\/v2\/pages\/10","targetHints":{"allow":["GET"]}}],"collection":[{"href":"http:\/\/www.psychiaterin-zimprich.at\/index.php?rest_route=\/wp\/v2\/pages"}],"about":[{"href":"http:\/\/www.psychiaterin-zimprich.at\/index.php?rest_route=\/wp\/v2\/types\/page"}],"author":[{"embeddable":true,"href":"http:\/\/www.psychiaterin-zimprich.at\/index.php?rest_route=\/wp\/v2\/users\/1"}],"replies":[{"embeddable":true,"href":"http:\/\/www.psychiaterin-zimprich.at\/index.php?rest_route=%2Fwp%2Fv2%2Fcomments&post=10"}],"version-history":[{"count":17,"href":"http:\/\/www.psychiaterin-zimprich.at\/index.php?rest_route=\/wp\/v2\/pages\/10\/revisions"}],"predecessor-version":[{"id":136,"href":"http:\/\/www.psychiaterin-zimprich.at\/index.php?rest_route=\/wp\/v2\/pages\/10\/revisions\/136"}],"wp:attachment":[{"href":"http:\/\/www.psychiaterin-zimprich.at\/index.php?rest_route=%2Fwp%2Fv2%2Fmedia&parent=10"}],"curies":[{"name":"wp","href":"https:\/\/api.w.org\/{rel}","templated":true}]}}