{"id":9,"date":"2018-08-15T11:41:39","date_gmt":"2018-08-15T09:41:39","guid":{"rendered":"http:\/\/www.psychiaterin-zimprich.at\/?page_id=9"},"modified":"2023-11-05T18:22:03","modified_gmt":"2023-11-05T17:22:03","slug":"ueber-mich","status":"publish","type":"page","link":"http:\/\/www.psychiaterin-zimprich.at\/?page_id=9","title":{"rendered":"\u00dcber mich"},"content":{"rendered":"<p><em>Beruflich<\/em><\/p>\n<ul>\n<li>Studium an der Universit\u00e4t Ulm und Heidelberg in Baden-W\u00fcrttemberg, Deutschland<\/li>\n<li>Assistenz\u00e4rztin an der Universit\u00e4tsklinik Benjamin Franklin, Abteilung Allgemein-, Gef\u00e4\u00df- und Thoraxchirurgie, Berlin<\/li>\n<li>\u00c4rztliche T\u00e4tigkeit in England im Bereich Interne und Geriatrie<\/li>\n<li>FA-Ausbildung in Psychiatrie in Bath, England, an der\u00a0Universit\u00e4tsklinik f\u00fcr Psychiatrie in W\u00fcrzburg sowie \u00a0im niedergelassenen Bereich in Wien<\/li>\n<li>Einj\u00e4hrige T\u00e4tigkeit im OWS, Abteilung f\u00fcr Forensische Psychiatrie und Suchtkranke<\/li>\n<li>\u00d6\u00c4K-Diplom Psychotherapeutische Medizin (Verhaltenstherapie)<\/li>\n<li>\u00d6\u00c4K-Diplom Geriatrie<\/li>\n<li>Selbst\u00e4ndige psychotherapeutische T\u00e4tigkeit 2004-2006<\/li>\n<li>Seit 2010 angestellt als Psychiaterin im Zentrum f\u00fcr Seelische Gesundheit Leopoldau, BBRZ-med<\/li>\n<\/ul>\n<p><em>Privat<\/em><\/p>\n<ul>\n<li>Geboren 1965 in Stuttgart<\/li>\n<li>Seit 2000 verheiratet und wohnhaft in Wien,<\/li>\n<li>zwei S\u00f6hne (2002, 2006)<\/li>\n<\/ul>\n","protected":false},"excerpt":{"rendered":"<p>Beruflich Studium an der Universit\u00e4t Ulm und Heidelberg in Baden-W\u00fcrttemberg, Deutschland Assistenz\u00e4rztin an der Universit\u00e4tsklinik Benjamin Franklin, Abteilung Allgemein-, Gef\u00e4\u00df- und Thoraxchirurgie, Berlin \u00c4rztliche T\u00e4tigkeit in England im Bereich Interne und Geriatrie FA-Ausbildung in Psychiatrie in Bath, England, an der\u00a0Universit\u00e4tsklinik f\u00fcr Psychiatrie in W\u00fcrzburg sowie \u00a0im niedergelassenen Bereich in Wien Einj\u00e4hrige T\u00e4tigkeit im OWS, Abteilung &hellip; <\/p>\n<p class=\"link-more\"><a href=\"http:\/\/www.psychiaterin-zimprich.at\/?page_id=9\" class=\"more-link\"><span class=\"screen-reader-text\">\u201e\u00dcber mich\u201c<\/span> weiterlesen<\/a><\/p>\n","protected":false},"author":1,"featured_media":169,"parent":0,"menu_order":0,"comment_status":"closed","ping_status":"closed","template":"","meta":{"footnotes":""},"class_list":["post-9","page","type-page","status-publish","has-post-thumbnail","hentry"],"_links":{"self":[{"href":"http:\/\/www.psychiaterin-zimprich.at\/index.php?rest_route=\/wp\/v2\/pages\/9","targetHints":{"allow":["GET"]}}],"collection":[{"href":"http:\/\/www.psychiaterin-zimprich.at\/index.php?rest_route=\/wp\/v2\/pages"}],"about":[{"href":"http:\/\/www.psychiaterin-zimprich.at\/index.php?rest_route=\/wp\/v2\/types\/page"}],"author":[{"embeddable":true,"href":"http:\/\/www.psychiaterin-zimprich.at\/index.php?rest_route=\/wp\/v2\/users\/1"}],"replies":[{"embeddable":true,"href":"http:\/\/www.psychiaterin-zimprich.at\/index.php?rest_route=%2Fwp%2Fv2%2Fcomments&post=9"}],"version-history":[{"count":11,"href":"http:\/\/www.psychiaterin-zimprich.at\/index.php?rest_route=\/wp\/v2\/pages\/9\/revisions"}],"predecessor-version":[{"id":168,"href":"http:\/\/www.psychiaterin-zimprich.at\/index.php?rest_route=\/wp\/v2\/pages\/9\/revisions\/168"}],"wp:featuredmedia":[{"embeddable":true,"href":"http:\/\/www.psychiaterin-zimprich.at\/index.php?rest_route=\/wp\/v2\/media\/169"}],"wp:attachment":[{"href":"http:\/\/www.psychiaterin-zimprich.at\/index.php?rest_route=%2Fwp%2Fv2%2Fmedia&parent=9"}],"curies":[{"name":"wp","href":"https:\/\/api.w.org\/{rel}","templated":true}]}}